{"id":15,"date":"2015-03-15T20:08:00","date_gmt":"2015-03-15T19:08:00","guid":{"rendered":"https:\/\/leinenga.wordpress.com\/?page_id=15"},"modified":"2026-04-14T14:00:13","modified_gmt":"2026-04-14T13:00:13","slug":"wie-ben-ik","status":"publish","type":"page","link":"https:\/\/bonnykalsbeek.nl\/index.php\/welkom\/wie-ben-ik\/","title":{"rendered":"Wie ben ik?"},"content":{"rendered":"\n<div class=\"wp-block-columns is-layout-flex wp-container-core-columns-is-layout-9d6595d7 wp-block-columns-is-layout-flex\">\n<div class=\"wp-block-column is-layout-flow wp-block-column-is-layout-flow\" style=\"flex-basis:100%\">\n<p>Ik ben Bonny Kalsbeek<\/p>\n\n\n<div class=\"wp-block-image\">\n<figure class=\"alignright size-large is-resized\"><img loading=\"lazy\" decoding=\"async\" width=\"693\" height=\"1024\" src=\"https:\/\/bonnykalsbeek.nl\/wp-content\/uploads\/2026\/04\/20260319_145213-693x1024.jpg\" alt=\"\" class=\"wp-image-1438\" style=\"aspect-ratio:0.6767593357188733;width:186px;height:auto\" srcset=\"https:\/\/bonnykalsbeek.nl\/wp-content\/uploads\/2026\/04\/20260319_145213-693x1024.jpg 693w, https:\/\/bonnykalsbeek.nl\/wp-content\/uploads\/2026\/04\/20260319_145213-203x300.jpg 203w, https:\/\/bonnykalsbeek.nl\/wp-content\/uploads\/2026\/04\/20260319_145213-768x1135.jpg 768w, https:\/\/bonnykalsbeek.nl\/wp-content\/uploads\/2026\/04\/20260319_145213-1039x1536.jpg 1039w, https:\/\/bonnykalsbeek.nl\/wp-content\/uploads\/2026\/04\/20260319_145213-1386x2048.jpg 1386w, https:\/\/bonnykalsbeek.nl\/wp-content\/uploads\/2026\/04\/20260319_145213-1200x1773.jpg 1200w, https:\/\/bonnykalsbeek.nl\/wp-content\/uploads\/2026\/04\/20260319_145213-scaled.jpg 1732w\" sizes=\"auto, (max-width: 693px) 100vw, 693px\" \/><\/figure>\n<\/div>\n\n\n<p>Mijn leven is een aaneenschakeling van bewustwording geweest. Eerst onbewust en langzamerhand meer en meer bewust. Als kind was ik zeer open en positief. Onwetend van mijn gevoeligheid en het waarnemen van de energie van de ander ben ik het leven aangegaan. Ik wilde er graag bij horen.<\/p>\n\n\n\n<p>Ondanks mijn deelname en spontaniteit voelde ik mij vaak alleen. In mijzelf had ik vaak \u00e9\u00e9n op \u00e9\u00e9n gesprekken met God. Nu weet ik dat ik op die momenten in verbinding was met het Universum. Meerdere langdurige ziektes hebben mij uit de maatschappij gehaald. Dit heeft ertoe geleid dat ik op mijzelf ging vertrouwen.<\/p>\n\n\n\n<p>Interesse in mensen en in het &#8216;ongewone&#8217; heeft mij ervaringen gebracht die nodig waren om mijzelf te herkennen.<\/p>\n\n\n\n<p>Tijdens mijn proces heb ik een passie ontwikkeld voor de tarot. Een prachtig instrument om antwoorden te ontvangen die het proces begrijpelijker maken. Het samenvoegen van mijn mediumschap en de tarotkaarten hebben mij tot hier gebracht, te weten een tarotmedium.<\/p>\n\n\n\n<p>Het is mijn missie mensen te inspireren en te gaan leven vanuit wie ze werkelijk zijn. Vanuit hun grootsheid, hun innerlijke kracht en hun hart. Maar ook vanuit het innerlijk weten, de intu\u00eftie.<\/p>\n\n\n\n<p>Bij alles wat ik doe is LIEFDE voor AL wat IS mijn grootste KRACHT!<\/p>\n\n\n\n<p>Bonny<\/p>\n<\/div>\n<\/div>\n","protected":false},"excerpt":{"rendered":"<p>Ik ben Bonny Kalsbeek Mijn leven is een aaneenschakeling van bewustwording geweest. Eerst onbewust en langzamerhand meer en meer bewust. Als kind was ik zeer open en positief. Onwetend van [&hellip;]<\/p>\n","protected":false},"author":1,"featured_media":0,"parent":81,"menu_order":0,"comment_status":"closed","ping_status":"closed","template":"","meta":{"footnotes":""},"class_list":["post-15","page","type-page","status-publish","hentry"],"jetpack_sharing_enabled":true,"_links":{"self":[{"href":"https:\/\/bonnykalsbeek.nl\/index.php\/wp-json\/wp\/v2\/pages\/15","targetHints":{"allow":["GET"]}}],"collection":[{"href":"https:\/\/bonnykalsbeek.nl\/index.php\/wp-json\/wp\/v2\/pages"}],"about":[{"href":"https:\/\/bonnykalsbeek.nl\/index.php\/wp-json\/wp\/v2\/types\/page"}],"author":[{"embeddable":true,"href":"https:\/\/bonnykalsbeek.nl\/index.php\/wp-json\/wp\/v2\/users\/1"}],"replies":[{"embeddable":true,"href":"https:\/\/bonnykalsbeek.nl\/index.php\/wp-json\/wp\/v2\/comments?post=15"}],"version-history":[{"count":22,"href":"https:\/\/bonnykalsbeek.nl\/index.php\/wp-json\/wp\/v2\/pages\/15\/revisions"}],"predecessor-version":[{"id":1441,"href":"https:\/\/bonnykalsbeek.nl\/index.php\/wp-json\/wp\/v2\/pages\/15\/revisions\/1441"}],"up":[{"embeddable":true,"href":"https:\/\/bonnykalsbeek.nl\/index.php\/wp-json\/wp\/v2\/pages\/81"}],"wp:attachment":[{"href":"https:\/\/bonnykalsbeek.nl\/index.php\/wp-json\/wp\/v2\/media?parent=15"}],"curies":[{"name":"wp","href":"https:\/\/api.w.org\/{rel}","templated":true}]}}